{"id":424,"date":"2023-01-05T17:04:50","date_gmt":"2023-01-05T16:04:50","guid":{"rendered":"https:\/\/rovinj-realestate.com\/pocetna\/"},"modified":"2023-04-03T19:50:45","modified_gmt":"2023-04-03T17:50:45","slug":"pocetna","status":"publish","type":"page","link":"https:\/\/rovinj-realestate.com\/hr\/","title":{"rendered":"Po\u010detna"},"content":{"rendered":"<h3>Rovinj Sunset Residence<\/h3>\n<p>Stambena zgrada sa \u0161est stanova projektirana je s ciljem da Vam osigura stanovanje visoke kvalitete koja je postignuta pametnim rasporedom prostorija, osvijetljeno\u0161\u0107u, brojem soba i sanitarnih \u010dvorova te ugra\u0111enih materijala i opreme visoke kvalitete.<\/p>\n","protected":false},"excerpt":{"rendered":"<p>Rovinj Sunset Residence Stambena zgrada sa \u0161est stanova projektirana je s ciljem da Vam osigura stanovanje visoke kvalitete koja je postignuta pametnim rasporedom prostorija, osvijetljeno\u0161\u0107u, brojem soba i sanitarnih \u010dvorova te ugra\u0111enih materijala i opreme&#8230;<\/p>\n","protected":false},"author":1,"featured_media":193,"parent":0,"menu_order":0,"comment_status":"closed","ping_status":"closed","template":"page-templates\/homepage.php","meta":{"inline_featured_image":false,"footnotes":""},"class_list":["post-424","page","type-page","status-publish","has-post-thumbnail","hentry"],"acf":[],"yoast_head":"<!-- This site is optimized with the Yoast SEO plugin v20.3 - https:\/\/yoast.com\/wordpress\/plugins\/seo\/ -->\n<title>Welcome to Rovinj Real Estate<\/title>\n<meta name=\"description\" content=\"Rovinj Sunset Residence is a residential building designed to ensure a high-level quality of living. Thoughtfully designed and meticulously planned.\" \/>\n<meta name=\"robots\" content=\"index, follow, max-snippet:-1, max-image-preview:large, max-video-preview:-1\" \/>\n<link rel=\"canonical\" href=\"https:\/\/rovinj-realestate.com\/hr\/\" \/>\n<meta property=\"og:locale\" content=\"hr_HR\" \/>\n<meta property=\"og:type\" content=\"article\" \/>\n<meta property=\"og:title\" content=\"Welcome to Rovinj Real Estate\" \/>\n<meta property=\"og:description\" content=\"Rovinj Sunset Residence is a residential building designed to ensure a high-level quality of living. Thoughtfully designed and meticulously planned.\" \/>\n<meta property=\"og:url\" content=\"https:\/\/rovinj-realestate.com\/hr\/\" \/>\n<meta property=\"og:site_name\" content=\"Rovinj Sunset Residence\" \/>\n<meta property=\"article:modified_time\" content=\"2023-04-03T17:50:45+00:00\" \/>\n<meta property=\"og:image\" content=\"https:\/\/rovinj-realestate.com\/wp-content\/uploads\/2023\/03\/header-photo.jpg\" \/>\n\t<meta property=\"og:image:width\" content=\"1323\" \/>\n\t<meta property=\"og:image:height\" content=\"745\" \/>\n\t<meta property=\"og:image:type\" content=\"image\/jpeg\" \/>\n<meta name=\"twitter:card\" content=\"summary_large_image\" \/>\n<script type=\"application\/ld+json\" class=\"yoast-schema-graph\">{\"@context\":\"https:\/\/schema.org\",\"@graph\":[{\"@type\":\"WebPage\",\"@id\":\"https:\/\/rovinj-realestate.com\/hr\/\",\"url\":\"https:\/\/rovinj-realestate.com\/hr\/\",\"name\":\"Welcome to Rovinj Real Estate\",\"isPartOf\":{\"@id\":\"https:\/\/rovinj-realestate.com\/hr\/#website\"},\"datePublished\":\"2023-01-05T16:04:50+00:00\",\"dateModified\":\"2023-04-03T17:50:45+00:00\",\"description\":\"Rovinj Sunset Residence is a residential building designed to ensure a high-level quality of living. Thoughtfully designed and meticulously planned.\",\"breadcrumb\":{\"@id\":\"https:\/\/rovinj-realestate.com\/hr\/#breadcrumb\"},\"inLanguage\":\"hr\",\"potentialAction\":[{\"@type\":\"ReadAction\",\"target\":[\"https:\/\/rovinj-realestate.com\/hr\/\"]}]},{\"@type\":\"BreadcrumbList\",\"@id\":\"https:\/\/rovinj-realestate.com\/hr\/#breadcrumb\",\"itemListElement\":[{\"@type\":\"ListItem\",\"position\":1,\"name\":\"Home\",\"item\":\"https:\/\/rovinj-realestate.com\/hr\/pocetna\/\"},{\"@type\":\"ListItem\",\"position\":2,\"name\":\"Po\u010detna\"}]},{\"@type\":\"WebSite\",\"@id\":\"https:\/\/rovinj-realestate.com\/hr\/#website\",\"url\":\"https:\/\/rovinj-realestate.com\/hr\/\",\"name\":\"Rovinj Sunset Residence\",\"description\":\"\",\"potentialAction\":[{\"@type\":\"SearchAction\",\"target\":{\"@type\":\"EntryPoint\",\"urlTemplate\":\"https:\/\/rovinj-realestate.com\/hr\/?s={search_term_string}\"},\"query-input\":\"required name=search_term_string\"}],\"inLanguage\":\"hr\"}]}<\/script>\n<!-- \/ Yoast SEO plugin. -->","yoast_head_json":{"title":"Welcome to Rovinj Real Estate","description":"Rovinj Sunset Residence is a residential building designed to ensure a high-level quality of living. Thoughtfully designed and meticulously planned.","robots":{"index":"index","follow":"follow","max-snippet":"max-snippet:-1","max-image-preview":"max-image-preview:large","max-video-preview":"max-video-preview:-1"},"canonical":"https:\/\/rovinj-realestate.com\/hr\/","og_locale":"hr_HR","og_type":"article","og_title":"Welcome to Rovinj Real Estate","og_description":"Rovinj Sunset Residence is a residential building designed to ensure a high-level quality of living. Thoughtfully designed and meticulously planned.","og_url":"https:\/\/rovinj-realestate.com\/hr\/","og_site_name":"Rovinj Sunset Residence","article_modified_time":"2023-04-03T17:50:45+00:00","og_image":[{"width":1323,"height":745,"url":"https:\/\/rovinj-realestate.com\/wp-content\/uploads\/2023\/03\/header-photo.jpg","type":"image\/jpeg"}],"twitter_card":"summary_large_image","schema":{"@context":"https:\/\/schema.org","@graph":[{"@type":"WebPage","@id":"https:\/\/rovinj-realestate.com\/hr\/","url":"https:\/\/rovinj-realestate.com\/hr\/","name":"Welcome to Rovinj Real Estate","isPartOf":{"@id":"https:\/\/rovinj-realestate.com\/hr\/#website"},"datePublished":"2023-01-05T16:04:50+00:00","dateModified":"2023-04-03T17:50:45+00:00","description":"Rovinj Sunset Residence is a residential building designed to ensure a high-level quality of living. Thoughtfully designed and meticulously planned.","breadcrumb":{"@id":"https:\/\/rovinj-realestate.com\/hr\/#breadcrumb"},"inLanguage":"hr","potentialAction":[{"@type":"ReadAction","target":["https:\/\/rovinj-realestate.com\/hr\/"]}]},{"@type":"BreadcrumbList","@id":"https:\/\/rovinj-realestate.com\/hr\/#breadcrumb","itemListElement":[{"@type":"ListItem","position":1,"name":"Home","item":"https:\/\/rovinj-realestate.com\/hr\/pocetna\/"},{"@type":"ListItem","position":2,"name":"Po\u010detna"}]},{"@type":"WebSite","@id":"https:\/\/rovinj-realestate.com\/hr\/#website","url":"https:\/\/rovinj-realestate.com\/hr\/","name":"Rovinj Sunset Residence","description":"","potentialAction":[{"@type":"SearchAction","target":{"@type":"EntryPoint","urlTemplate":"https:\/\/rovinj-realestate.com\/hr\/?s={search_term_string}"},"query-input":"required name=search_term_string"}],"inLanguage":"hr"}]}},"_links":{"self":[{"href":"https:\/\/rovinj-realestate.com\/hr\/wp-json\/wp\/v2\/pages\/424","targetHints":{"allow":["GET"]}}],"collection":[{"href":"https:\/\/rovinj-realestate.com\/hr\/wp-json\/wp\/v2\/pages"}],"about":[{"href":"https:\/\/rovinj-realestate.com\/hr\/wp-json\/wp\/v2\/types\/page"}],"author":[{"embeddable":true,"href":"https:\/\/rovinj-realestate.com\/hr\/wp-json\/wp\/v2\/users\/1"}],"replies":[{"embeddable":true,"href":"https:\/\/rovinj-realestate.com\/hr\/wp-json\/wp\/v2\/comments?post=424"}],"version-history":[{"count":3,"href":"https:\/\/rovinj-realestate.com\/hr\/wp-json\/wp\/v2\/pages\/424\/revisions"}],"predecessor-version":[{"id":444,"href":"https:\/\/rovinj-realestate.com\/hr\/wp-json\/wp\/v2\/pages\/424\/revisions\/444"}],"wp:featuredmedia":[{"embeddable":true,"href":"https:\/\/rovinj-realestate.com\/hr\/wp-json\/wp\/v2\/media\/193"}],"wp:attachment":[{"href":"https:\/\/rovinj-realestate.com\/hr\/wp-json\/wp\/v2\/media?parent=424"}],"curies":[{"name":"wp","href":"https:\/\/api.w.org\/{rel}","templated":true}]}}